{"id":12,"date":"2025-11-05T17:18:11","date_gmt":"2025-11-05T17:18:11","guid":{"rendered":"https:\/\/metalurgicacoex.rkinformatika.online\/?page_id=12"},"modified":"2025-11-07T10:45:15","modified_gmt":"2025-11-07T10:45:15","slug":"inicio","status":"publish","type":"page","link":"https:\/\/metalurgicacoex.com\/eu\/","title":{"rendered":"Hasiera"},"content":{"rendered":"<div data-elementor-type=\"wp-page\" data-elementor-id=\"12\" class=\"elementor elementor-12\" data-elementor-post-type=\"page\">\n\t\t\t\t<div class=\"elementor-element elementor-element-fccaf38 e-con-full e-flex e-con e-parent\" data-id=\"fccaf38\" data-element_type=\"container\" data-e-type=\"container\" data-settings=\"{&quot;background_background&quot;:&quot;classic&quot;}\">\n\t\t<div class=\"elementor-element elementor-element-d6f78e7 e-con-full e-flex e-con e-child\" data-id=\"d6f78e7\" data-element_type=\"container\" data-e-type=\"container\">\n\t\t\t\t<div class=\"elementor-element elementor-element-f62909b elementor-invisible elementor-widget elementor-widget-heading\" data-id=\"f62909b\" data-element_type=\"widget\" data-e-type=\"widget\" data-settings=\"{&quot;_animation&quot;:&quot;fadeInRight&quot;}\" data-widget_type=\"heading.default\">\n\t\t\t\t\t<h2 class=\"elementor-heading-title elementor-size-default\">Zure aliatua galdaragintzan eta zisterna-kamioien konponketan.<\/h2>\t\t\t\t<\/div>\n\t\t\t\t<\/div>\n\t\t\t\t<\/div>\n\t\t<div class=\"elementor-element elementor-element-1b19b98 e-flex e-con-boxed e-con e-parent\" data-id=\"1b19b98\" data-element_type=\"container\" data-e-type=\"container\" data-settings=\"{&quot;background_background&quot;:&quot;classic&quot;}\">\n\t\t\t\t\t<div class=\"e-con-inner\">\n\t\t<div class=\"elementor-element elementor-element-0eb8ed2 e-con-full e-flex e-con e-child\" data-id=\"0eb8ed2\" data-element_type=\"container\" data-e-type=\"container\">\n\t\t\t\t<div class=\"elementor-element elementor-element-30bc884 elementor-widget elementor-widget-image\" data-id=\"30bc884\" data-element_type=\"widget\" data-e-type=\"widget\" data-widget_type=\"image.default\">\n\t\t\t\t\t\t\t\t\t\t\t\t\t\t\t<img fetchpriority=\"high\" decoding=\"async\" width=\"700\" height=\"1000\" src=\"https:\/\/metalurgicacoex.com\/wp-content\/uploads\/2025\/11\/Diseno-sin-titulo-1.png\" class=\"attachment-large size-large wp-image-79\" alt=\"\" srcset=\"https:\/\/metalurgicacoex.com\/wp-content\/uploads\/2025\/11\/Diseno-sin-titulo-1.png 700w, https:\/\/metalurgicacoex.com\/wp-content\/uploads\/2025\/11\/Diseno-sin-titulo-1-210x300.png 210w, https:\/\/metalurgicacoex.com\/wp-content\/uploads\/2025\/11\/Diseno-sin-titulo-1-8x12.png 8w\" sizes=\"(max-width: 700px) 100vw, 700px\" \/>\t\t\t\t\t\t\t\t\t\t\t\t\t\t\t<\/div>\n\t\t\t\t<\/div>\n\t\t<div class=\"elementor-element elementor-element-4ff6d4e e-con-full e-flex e-con e-child\" data-id=\"4ff6d4e\" data-element_type=\"container\" data-e-type=\"container\">\n\t\t\t\t<div class=\"elementor-element elementor-element-027f46f elementor-widget elementor-widget-heading\" data-id=\"027f46f\" data-element_type=\"widget\" data-e-type=\"widget\" data-widget_type=\"heading.default\">\n\t\t\t\t\t<h2 class=\"elementor-heading-title elementor-size-default\">Gure historia<\/h2>\t\t\t\t<\/div>\n\t\t\t\t<div class=\"elementor-element elementor-element-40e8201 elementor-widget elementor-widget-text-editor\" data-id=\"40e8201\" data-element_type=\"widget\" data-e-type=\"widget\" data-widget_type=\"text-editor.default\">\n\t\t\t\t\t\t\t\t\t<p>Metalurgica Coexen, galdaragintzan, oro har, eta doitasunezko mekanizazioetan espezializatutako enpresa bat gara, industria sektorean esperientzia handia duena. Bezero bakoitzaren beharretara egokitutako soluzio integralak eskaintzen ditugu, proiektu bakoitzean teknologia, kalitatea eta konpromisoa konbinatuz.<\/p><p>Kualifikazio handiko gure profesional taldeak zerbitzu eraginkorra bermatzen du metalezko egiturak, industria osagaiak eta neurrira egindako ekipoak fabrikatzeko, mantentzeko eta konpontzeko. Gainera, ibilbide sendoa dugu zisterna-kamioiak konpontzen eta mantentzen, eta segurtasun- eta kalitate-araudi guztiak betetzen direla ziurtatzen dugu.<\/p><p>Gure bezeroen itxaropenak gainditzeko helburuarekin lan egiten dugu, fidagarritasuna, zehaztasuna eta arreta pertsonalizatua eskainiz. Etengabeko hobekuntzaren, berrikuntzaren eta gogobetetze osoaren aldeko apustua egiten dugu gure zerbitzu bakoitzean.<\/p>\t\t\t\t\t\t\t\t<\/div>\n\t\t\t\t<\/div>\n\t\t\t\t\t<\/div>\n\t\t\t\t<\/div>\n\t\t<div class=\"elementor-element elementor-element-86552bb e-con-full e-flex e-con e-parent\" data-id=\"86552bb\" data-element_type=\"container\" data-e-type=\"container\" data-settings=\"{&quot;background_background&quot;:&quot;classic&quot;}\">\n\t\t\t\t<div class=\"elementor-element elementor-element-fc80824 elementor-cta--skin-cover elementor-animated-content elementor-bg-transform elementor-bg-transform-zoom-in elementor-widget elementor-widget-call-to-action\" data-id=\"fc80824\" data-element_type=\"widget\" data-e-type=\"widget\" data-widget_type=\"call-to-action.default\">\n\t\t\t\t\t\t\t<div class=\"elementor-cta\">\n\t\t\t\t\t<div class=\"elementor-cta__bg-wrapper\">\n\t\t\t\t<div class=\"elementor-cta__bg elementor-bg\" style=\"background-image: url(https:\/\/metalurgicacoex.com\/wp-content\/uploads\/2025\/11\/9314-1024x367.jpg);\" role=\"img\" aria-label=\"9314.jpg\"><\/div>\n\t\t\t\t<div class=\"elementor-cta__bg-overlay\"><\/div>\n\t\t\t<\/div>\n\t\t\t\t\t\t\t<div class=\"elementor-cta__content\">\n\t\t\t\t\n\t\t\t\t\t\t\t\t\t<h2 class=\"elementor-cta__title elementor-cta__content-item elementor-content-item elementor-animated-item--grow\">\n\t\t\t\t\t\tKalitatearekin, segurtasunarekin eta zehaztasunarekin konprometituta.\t\t\t\t\t<\/h2>\n\t\t\t\t\n\t\t\t\t\n\t\t\t\t\t\t\t\t\t<div class=\"elementor-cta__button-wrapper elementor-cta__content-item elementor-content-item elementor-animated-item--grow\">\n\t\t\t\t\t<a class=\"elementor-cta__button elementor-button elementor-size-\" href=\"https:\/\/metalurgicacoex.com\/eu\/servicios\/\">\n\t\t\t\t\t\tZerbitzuak\t\t\t\t\t<\/a>\n\t\t\t\t\t<\/div>\n\t\t\t\t\t\t\t<\/div>\n\t\t\t\t\t\t<\/div>\n\t\t\t\t\t\t<\/div>\n\t\t\t\t<\/div>\n\t\t\t\t<\/div>","protected":false},"excerpt":{"rendered":"<p>Tu aliado en calderer\u00eda y reparaci\u00f3n de camiones cisterna. Nuestra historia En Metalurgica Coex, somos una empresa especializada en calderer\u00eda en general y mecanizados de precisi\u00f3n, con una amplia experiencia en el sector industrial. Nos dedicamos a ofrecer soluciones integrales adaptadas a las necesidades de cada cliente, combinando tecnolog\u00eda, calidad y compromiso en cada proyecto. [&hellip;]<\/p>\n","protected":false},"author":1,"featured_media":0,"parent":0,"menu_order":0,"comment_status":"closed","ping_status":"closed","template":"elementor_canvas","meta":{"footnotes":""},"class_list":["post-12","page","type-page","status-publish","hentry"],"yoast_head":"<!-- This site is optimized with the Yoast SEO plugin v27.5 - https:\/\/yoast.com\/product\/yoast-seo-wordpress\/ -->\n<title>Inicio - Metal\u00fargica Coex<\/title>\n<meta name=\"robots\" content=\"index, follow, max-snippet:-1, max-image-preview:large, max-video-preview:-1\" \/>\n<link rel=\"canonical\" href=\"https:\/\/metalurgicacoex.com\/eu\/\" \/>\n<meta property=\"og:locale\" content=\"en_US\" \/>\n<meta property=\"og:type\" content=\"article\" \/>\n<meta property=\"og:title\" content=\"Inicio - Metal\u00fargica Coex\" \/>\n<meta property=\"og:description\" content=\"Tu aliado en calderer\u00eda y reparaci\u00f3n de camiones cisterna. Nuestra historia En Metalurgica Coex, somos una empresa especializada en calderer\u00eda en general y mecanizados de precisi\u00f3n, con una amplia experiencia en el sector industrial. Nos dedicamos a ofrecer soluciones integrales adaptadas a las necesidades de cada cliente, combinando tecnolog\u00eda, calidad y compromiso en cada proyecto. [&hellip;]\" \/>\n<meta property=\"og:url\" content=\"https:\/\/metalurgicacoex.com\/eu\/\" \/>\n<meta property=\"og:site_name\" content=\"Metal\u00fargica Coex\" \/>\n<meta property=\"article:modified_time\" content=\"2025-11-07T10:45:15+00:00\" \/>\n<meta property=\"og:image\" content=\"https:\/\/metalurgicacoex.com\/wp-content\/uploads\/2025\/11\/Diseno-sin-titulo-1.png\" \/>\n<meta name=\"twitter:card\" content=\"summary_large_image\" \/>\n<meta name=\"twitter:label1\" content=\"Est. reading time\" \/>\n\t<meta name=\"twitter:data1\" content=\"1 minutua\" \/>\n<script type=\"application\/ld+json\" class=\"yoast-schema-graph\">{\"@context\":\"https:\\\/\\\/schema.org\",\"@graph\":[{\"@type\":\"WebPage\",\"@id\":\"https:\\\/\\\/metalurgicacoex.com\\\/\",\"url\":\"https:\\\/\\\/metalurgicacoex.com\\\/\",\"name\":\"Inicio - Metal\u00fargica Coex\",\"isPartOf\":{\"@id\":\"https:\\\/\\\/metalurgicacoex.com\\\/#website\"},\"primaryImageOfPage\":{\"@id\":\"https:\\\/\\\/metalurgicacoex.com\\\/#primaryimage\"},\"image\":{\"@id\":\"https:\\\/\\\/metalurgicacoex.com\\\/#primaryimage\"},\"thumbnailUrl\":\"https:\\\/\\\/metalurgicacoex.com\\\/wp-content\\\/uploads\\\/2025\\\/11\\\/Diseno-sin-titulo-1.png\",\"datePublished\":\"2025-11-05T17:18:11+00:00\",\"dateModified\":\"2025-11-07T10:45:15+00:00\",\"breadcrumb\":{\"@id\":\"https:\\\/\\\/metalurgicacoex.com\\\/#breadcrumb\"},\"inLanguage\":\"eu\",\"potentialAction\":[{\"@type\":\"ReadAction\",\"target\":[\"https:\\\/\\\/metalurgicacoex.com\\\/\"]}]},{\"@type\":\"ImageObject\",\"inLanguage\":\"eu\",\"@id\":\"https:\\\/\\\/metalurgicacoex.com\\\/#primaryimage\",\"url\":\"https:\\\/\\\/metalurgicacoex.com\\\/wp-content\\\/uploads\\\/2025\\\/11\\\/Diseno-sin-titulo-1.png\",\"contentUrl\":\"https:\\\/\\\/metalurgicacoex.com\\\/wp-content\\\/uploads\\\/2025\\\/11\\\/Diseno-sin-titulo-1.png\"},{\"@type\":\"BreadcrumbList\",\"@id\":\"https:\\\/\\\/metalurgicacoex.com\\\/#breadcrumb\",\"itemListElement\":[{\"@type\":\"ListItem\",\"position\":1,\"name\":\"Portada\",\"item\":\"https:\\\/\\\/metalurgicacoex.com\\\/\"},{\"@type\":\"ListItem\",\"position\":2,\"name\":\"Inicio\"}]},{\"@type\":\"WebSite\",\"@id\":\"https:\\\/\\\/metalurgicacoex.com\\\/#website\",\"url\":\"https:\\\/\\\/metalurgicacoex.com\\\/\",\"name\":\"Metal\u00fargica Coex\",\"description\":\"Metal\u00fargica\",\"publisher\":{\"@id\":\"https:\\\/\\\/metalurgicacoex.com\\\/#organization\"},\"potentialAction\":[{\"@type\":\"SearchAction\",\"target\":{\"@type\":\"EntryPoint\",\"urlTemplate\":\"https:\\\/\\\/metalurgicacoex.com\\\/?s={search_term_string}\"},\"query-input\":{\"@type\":\"PropertyValueSpecification\",\"valueRequired\":true,\"valueName\":\"search_term_string\"}}],\"inLanguage\":\"eu\"},{\"@type\":\"Organization\",\"@id\":\"https:\\\/\\\/metalurgicacoex.com\\\/#organization\",\"name\":\"Metal\u00fargica Coex\",\"url\":\"https:\\\/\\\/metalurgicacoex.com\\\/\",\"logo\":{\"@type\":\"ImageObject\",\"inLanguage\":\"eu\",\"@id\":\"https:\\\/\\\/metalurgicacoex.com\\\/#\\\/schema\\\/logo\\\/image\\\/\",\"url\":\"https:\\\/\\\/metalurgicacoex.com\\\/wp-content\\\/uploads\\\/2025\\\/11\\\/cropped-Diseno-sin-titulo-2.png\",\"contentUrl\":\"https:\\\/\\\/metalurgicacoex.com\\\/wp-content\\\/uploads\\\/2025\\\/11\\\/cropped-Diseno-sin-titulo-2.png\",\"width\":500,\"height\":407,\"caption\":\"Metal\u00fargica Coex\"},\"image\":{\"@id\":\"https:\\\/\\\/metalurgicacoex.com\\\/#\\\/schema\\\/logo\\\/image\\\/\"}}]}<\/script>\n<!-- \/ Yoast SEO plugin. -->","yoast_head_json":{"title":"Inicio - Metal\u00fargica Coex","robots":{"index":"index","follow":"follow","max-snippet":"max-snippet:-1","max-image-preview":"max-image-preview:large","max-video-preview":"max-video-preview:-1"},"canonical":"https:\/\/metalurgicacoex.com\/eu\/","og_locale":"en_US","og_type":"article","og_title":"Inicio - Metal\u00fargica Coex","og_description":"Tu aliado en calderer\u00eda y reparaci\u00f3n de camiones cisterna. Nuestra historia En Metalurgica Coex, somos una empresa especializada en calderer\u00eda en general y mecanizados de precisi\u00f3n, con una amplia experiencia en el sector industrial. Nos dedicamos a ofrecer soluciones integrales adaptadas a las necesidades de cada cliente, combinando tecnolog\u00eda, calidad y compromiso en cada proyecto. [&hellip;]","og_url":"https:\/\/metalurgicacoex.com\/eu\/","og_site_name":"Metal\u00fargica Coex","article_modified_time":"2025-11-07T10:45:15+00:00","og_image":[{"url":"https:\/\/metalurgicacoex.com\/wp-content\/uploads\/2025\/11\/Diseno-sin-titulo-1.png","type":"","width":"","height":""}],"twitter_card":"summary_large_image","twitter_misc":{"Est. reading time":"1 minutua"},"schema":{"@context":"https:\/\/schema.org","@graph":[{"@type":"WebPage","@id":"https:\/\/metalurgicacoex.com\/","url":"https:\/\/metalurgicacoex.com\/","name":"Inicio - Metal\u00fargica Coex","isPartOf":{"@id":"https:\/\/metalurgicacoex.com\/#website"},"primaryImageOfPage":{"@id":"https:\/\/metalurgicacoex.com\/#primaryimage"},"image":{"@id":"https:\/\/metalurgicacoex.com\/#primaryimage"},"thumbnailUrl":"https:\/\/metalurgicacoex.com\/wp-content\/uploads\/2025\/11\/Diseno-sin-titulo-1.png","datePublished":"2025-11-05T17:18:11+00:00","dateModified":"2025-11-07T10:45:15+00:00","breadcrumb":{"@id":"https:\/\/metalurgicacoex.com\/#breadcrumb"},"inLanguage":"eu","potentialAction":[{"@type":"ReadAction","target":["https:\/\/metalurgicacoex.com\/"]}]},{"@type":"ImageObject","inLanguage":"eu","@id":"https:\/\/metalurgicacoex.com\/#primaryimage","url":"https:\/\/metalurgicacoex.com\/wp-content\/uploads\/2025\/11\/Diseno-sin-titulo-1.png","contentUrl":"https:\/\/metalurgicacoex.com\/wp-content\/uploads\/2025\/11\/Diseno-sin-titulo-1.png"},{"@type":"BreadcrumbList","@id":"https:\/\/metalurgicacoex.com\/#breadcrumb","itemListElement":[{"@type":"ListItem","position":1,"name":"Portada","item":"https:\/\/metalurgicacoex.com\/"},{"@type":"ListItem","position":2,"name":"Inicio"}]},{"@type":"WebSite","@id":"https:\/\/metalurgicacoex.com\/#website","url":"https:\/\/metalurgicacoex.com\/","name":"Metal\u00fargica Coex","description":"Metal\u00fargica","publisher":{"@id":"https:\/\/metalurgicacoex.com\/#organization"},"potentialAction":[{"@type":"SearchAction","target":{"@type":"EntryPoint","urlTemplate":"https:\/\/metalurgicacoex.com\/?s={search_term_string}"},"query-input":{"@type":"PropertyValueSpecification","valueRequired":true,"valueName":"search_term_string"}}],"inLanguage":"eu"},{"@type":"Organization","@id":"https:\/\/metalurgicacoex.com\/#organization","name":"Metal\u00fargica Coex","url":"https:\/\/metalurgicacoex.com\/","logo":{"@type":"ImageObject","inLanguage":"eu","@id":"https:\/\/metalurgicacoex.com\/#\/schema\/logo\/image\/","url":"https:\/\/metalurgicacoex.com\/wp-content\/uploads\/2025\/11\/cropped-Diseno-sin-titulo-2.png","contentUrl":"https:\/\/metalurgicacoex.com\/wp-content\/uploads\/2025\/11\/cropped-Diseno-sin-titulo-2.png","width":500,"height":407,"caption":"Metal\u00fargica Coex"},"image":{"@id":"https:\/\/metalurgicacoex.com\/#\/schema\/logo\/image\/"}}]}},"_links":{"self":[{"href":"https:\/\/metalurgicacoex.com\/eu\/wp-json\/wp\/v2\/pages\/12","targetHints":{"allow":["GET"]}}],"collection":[{"href":"https:\/\/metalurgicacoex.com\/eu\/wp-json\/wp\/v2\/pages"}],"about":[{"href":"https:\/\/metalurgicacoex.com\/eu\/wp-json\/wp\/v2\/types\/page"}],"author":[{"embeddable":true,"href":"https:\/\/metalurgicacoex.com\/eu\/wp-json\/wp\/v2\/users\/1"}],"replies":[{"embeddable":true,"href":"https:\/\/metalurgicacoex.com\/eu\/wp-json\/wp\/v2\/comments?post=12"}],"version-history":[{"count":49,"href":"https:\/\/metalurgicacoex.com\/eu\/wp-json\/wp\/v2\/pages\/12\/revisions"}],"predecessor-version":[{"id":274,"href":"https:\/\/metalurgicacoex.com\/eu\/wp-json\/wp\/v2\/pages\/12\/revisions\/274"}],"wp:attachment":[{"href":"https:\/\/metalurgicacoex.com\/eu\/wp-json\/wp\/v2\/media?parent=12"}],"curies":[{"name":"wp","href":"https:\/\/api.w.org\/{rel}","templated":true}]}}